{"id":252,"date":"2016-02-15T09:30:49","date_gmt":"2016-02-15T08:30:49","guid":{"rendered":"http:\/\/editionsprevention.com\/eboutique\/?page_id=252"},"modified":"2020-07-31T11:57:22","modified_gmt":"2020-07-31T10:57:22","slug":"informations-legales","status":"publish","type":"page","link":"https:\/\/editionsprevention.com\/eboutique\/informations-legales\/","title":{"rendered":"Politique de protection des donn\u00e9es personnelles"},"content":{"rendered":"\n[et_pb_section fb_built=\u00a0\u00bb1&Prime; fullwidth=\u00a0\u00bbon\u00a0\u00bb custom_padding_last_edited=\u00a0\u00bbon|desktop\u00a0\u00bb admin_label=\u00a0\u00bbSection\u00a0\u00bb _builder_version=\u00a0\u00bb3.22&Prime; background_color=\u00a0\u00bb#8224e3&Prime; custom_padding_tablet=\u00a0\u00bb50px|0|50px|0&Prime; transparent_background=\u00a0\u00bboff\u00a0\u00bb padding_mobile=\u00a0\u00bboff\u00a0\u00bb make_fullwidth=\u00a0\u00bboff\u00a0\u00bb use_custom_width=\u00a0\u00bboff\u00a0\u00bb width_unit=\u00a0\u00bbon\u00a0\u00bb][et_pb_fullwidth_header title=\u00a0\u00bbPOLITIQUE DE PROTECTION DES DONNEES PERSONNELLES\u00a0\u00bb content_max_width=\u00a0\u00bbnone\u00a0\u00bb admin_label=\u00a0\u00bbEn-t\u00eate plein \u00e9cran\u00a0\u00bb _builder_version=\u00a0\u00bb4.4.4&Prime; background_color=\u00a0\u00bbrgba(255, 255, 255, 0)\u00a0\u00bb hover_enabled=\u00a0\u00bb0&Prime; button_one_letter_spacing_hover=\u00a0\u00bb0&Prime; button_two_letter_spacing_hover=\u00a0\u00bb0&Prime; button_one_text_size__hover_enabled=\u00a0\u00bboff\u00a0\u00bb button_two_text_size__hover_enabled=\u00a0\u00bboff\u00a0\u00bb button_one_text_color__hover_enabled=\u00a0\u00bboff\u00a0\u00bb button_two_text_color__hover_enabled=\u00a0\u00bboff\u00a0\u00bb button_one_border_width__hover_enabled=\u00a0\u00bboff\u00a0\u00bb button_two_border_width__hover_enabled=\u00a0\u00bboff\u00a0\u00bb button_one_border_color__hover_enabled=\u00a0\u00bboff\u00a0\u00bb button_two_border_color__hover_enabled=\u00a0\u00bboff\u00a0\u00bb button_one_border_radius__hover_enabled=\u00a0\u00bboff\u00a0\u00bb button_two_border_radius__hover_enabled=\u00a0\u00bboff\u00a0\u00bb button_one_letter_spacing__hover_enabled=\u00a0\u00bbon\u00a0\u00bb button_one_letter_spacing__hover=\u00a0\u00bb0&Prime; button_two_letter_spacing__hover_enabled=\u00a0\u00bbon\u00a0\u00bb button_two_letter_spacing__hover=\u00a0\u00bb0&Prime; button_one_bg_color__hover_enabled=\u00a0\u00bboff\u00a0\u00bb button_two_bg_color__hover_enabled=\u00a0\u00bboff\u00a0\u00bb] [\/et_pb_fullwidth_header][\/et_pb_section][et_pb_section fb_built=\u00a0\u00bb1&Prime; admin_label=\u00a0\u00bbsection\u00a0\u00bb _builder_version=\u00a0\u00bb3.22&Prime;][et_pb_row admin_label=\u00a0\u00bbrow\u00a0\u00bb _builder_version=\u00a0\u00bb3.25&Prime; background_size=\u00a0\u00bbinitial\u00a0\u00bb background_position=\u00a0\u00bbtop_left\u00a0\u00bb background_repeat=\u00a0\u00bbrepeat\u00a0\u00bb][et_pb_column type=\u00a0\u00bb4_4&Prime; _builder_version=\u00a0\u00bb3.25&Prime; custom_padding=\u00a0\u00bb|||\u00a0\u00bb custom_padding__hover=\u00a0\u00bb|||\u00a0\u00bb][et_pb_text admin_label=\u00a0\u00bbTexte\u00a0\u00bb _builder_version=\u00a0\u00bb4.4.4&Prime; background_size=\u00a0\u00bbinitial\u00a0\u00bb background_position=\u00a0\u00bbtop_left\u00a0\u00bb background_repeat=\u00a0\u00bbrepeat\u00a0\u00bb hover_enabled=\u00a0\u00bb0&Prime; use_border_color=\u00a0\u00bboff\u00a0\u00bb border_color=\u00a0\u00bb#ffffff\u00a0\u00bb border_style=\u00a0\u00bbsolid\u00a0\u00bb]<h3>POLITIQUE DE PROTECTION DES DONNEES PERSONNELLES<\/h3>\n<p>Les Editions Preventions se soucie de la protection des donn\u00e9es personnelles. Nous nous engageons \u00e0 assurer le meilleur niveau de protection \u00e0 vos donn\u00e9es personnelles en conformit\u00e9 avec les r\u00e9glementations europ\u00e9ennes et fran\u00e7aises qui lui sont applicables en mati\u00e8re de protection des donn\u00e9es personnelles.\u00a0 Pour toute information sur la protection des donn\u00e9es personnelles, vous pouvez \u00e9galement consulter le site de la Commission Informatique et Libert\u00e9 www.cnil.fr.<\/p>\n<p class=\"p2\"><span class=\"s1\"><b>Qui collecte les donn\u00e9es ?<\/b><\/span><\/p>\n<p class=\"p1\"><span class=\"s1\">Le responsable de traitement est la soci\u00e9t\u00e9 qui d\u00e9finit pour quel usage et comment vos donn\u00e9es personnelles sont utilis\u00e9es.<br \/> Les donn\u00e9es personnelles collect\u00e9es sur le site ou lors de vos commandes sont trait\u00e9es par :<br \/>Editions Preventions<br \/><\/span><span class=\"s1\"><span><span class=\"s2\">11 Rue des Arts et M\u00e9tiers \u2013 Immeuble Avantage \u2013 Lot. Dillon<br \/>97200\u00a0<\/span><span class=\"s3\">Fort-de-<\/span><span class=\"s2\">France<br \/>Tel : 0596 42.13.43 \u2013 Fax : 09.70.62.09.3<\/span> <\/span><span class=\"Apple-converted-space\">\u00a0 \u00a0 \u00a0<\/span><\/span><\/p>\n<p class=\"p2\"><span class=\"s1\"><b>Donn\u00e9es personnelles<\/b><\/span><\/p>\n<p class=\"p1\"><span class=\"s1\">Les personnes ayant sollicit\u00e9 la radiation des donn\u00e9es les concernant ne pourront pr\u00e9tendre obtenir tous les services ou offres propos\u00e9s lorsque ces donn\u00e9es sont n\u00e9cessaires au traitement de leurs demandes.<br \/> Les informations collect\u00e9es sont destin\u00e9es \u00e0 l\u2019usage exclusif de la soci\u00e9t\u00e9<span> Editions Preventions<\/span><\/span><span class=\"s1\"><b><span><\/p>\n<p><\/span>Cookies<\/b><\/span><\/p>\n<p class=\"p1\"><span class=\"s1\">Lors de la consultation de notre site des informations relatives \u00e0 la navigation de votre terminal (ordinateur, tablette, smartphone, etc.) sur notre site, sont susceptibles d\u2019\u00eatre enregistr\u00e9es dans des fichiers \u00ab Cookies \u00bb install\u00e9s sur votre terminal, sous r\u00e9serve des choix que vous auriez exprim\u00e9s concernant les Cookies et que vous pouvez modifier \u00e0 tout moment. Seul l\u2019\u00e9metteur d\u2019un cookie est susceptible de lire ou de modifier des informations qui y sont contenues.<\/span><\/p>\n<p class=\"p1\"><span class=\"s1\">Les cookies que nous \u00e9mettons nous permettent par exemple :<\/span><\/p>\n<ul class=\"ul1\">\n<li class=\"li2\"><span class=\"s4\"><\/span><span class=\"s1\">d\u2019\u00e9tablir des statistiques sur la fr\u00e9quentation et d\u2019utilisation de notre site,<\/span><\/li>\n<li class=\"li2\"><span class=\"s4\"><\/span><span class=\"s1\">d\u2019enregistrer des informations relatives \u00e0 un formulaire que rempli sur notre site comme la cr\u00e9ation de compte ou le passage d\u2019une commande afin de pouvoir acc\u00e9der \u00e0 votre espace personnel par exemple et retrouver vos anciennes commandes et informations personnelles,<\/span><\/li>\n<li class=\"li2\"><span class=\"s4\"><\/span><span class=\"s1\">d\u2019am\u00e9liorer l\u2019exp\u00e9rience de navigation et d\u2019utilisation de notre site Internet,<\/span><\/li>\n<li class=\"li2\"><span class=\"s4\"><\/span><span class=\"s1\">adapter nos publicit\u00e9s \u00e0 vos besoins et centres d\u2019int\u00e9r\u00eat sur nos sites.<\/span><\/li>\n<\/ul>\n<p class=\"p1\"><span class=\"s1\">La dur\u00e9e de conservation des cookies implant\u00e9s sur notre site va de deux semaines \u00e0 24 mois (pour Google Analytics par exemple).<\/span><\/p>\n<p class=\"p2\"><span class=\"s1\"><b>Quelles donn\u00e9es ?<\/b><\/span><\/p>\n<p class=\"p1\"><span class=\"s1\">Nous collectons et traitons notamment vos nom, pr\u00e9nom, adresse, adresse email, mot de passe, num\u00e9ro de t\u00e9l\u00e9phone, adresse IP, donn\u00e9es de connexions et donn\u00e9es de navigation, historiques de commandes, pr\u00e9f\u00e9rences et centres d\u2019int\u00e9r\u00eats, produits consult\u00e9s, incidents de livraisons, r\u00e9clamations. Dans certains cas, nous pouvons collecter des donn\u00e9es de localisation par exemple pour vous indiquer le magasin le plus proche de chez vous.<br \/> Le caract\u00e8re obligatoire ou facultatif des donn\u00e9es vous est signal\u00e9 lors de la collecte par un ast\u00e9risque. Certaines donn\u00e9es sont collect\u00e9es automatiquement du fait de vos actions sur le site, d\u2019autres informations peuvent \u00eatre transmises par des partenaires.<\/span><\/p>\n<p class=\"p1\"><span class=\"s1\"><\/span><\/p>\n<p class=\"p2\"><span class=\"s1\"><b>Votre choix concernant les cookies<\/b><\/span><\/p>\n<p class=\"p1\"><span class=\"s1\">Vous pouvez faire le choix \u00e0 tout moment d\u2019exprimer et de modifier vos souhaits en mati\u00e8re de cookies, par les moyens d\u00e9crits ci-dessous. Vous pouvez configurer votre navigateur internet de mani\u00e8re \u00e0 ce que des cookies soient enregistr\u00e9s ou qu\u2019ils soient rejet\u00e9s, soit syst\u00e9matiquement, soit selon leur \u00e9metteur. Nous vous incitons \u00e0 aller voir sur le site Internet de votre navigateur internet pour en savoir plus sur ce sujet.<\/span><\/p>\n<p class=\"p1\"><span class=\"s1\">Pour de plus amples informations sur les cookies, y compris pour voir quels cookies ont \u00e9t\u00e9 install\u00e9s sur votre appareil et comment les g\u00e9rer et les supprimer, vous pouvez visiter le site www.allaboutcookies.org et www.youronlinechoices.eu.<\/span><\/p>\n<p class=\"p1\"><span class=\"s1\">\u00a0<\/span><\/p>\n<p class=\"p2\"><span class=\"s1\">Communications que vous pouvez recevoir<\/span><\/p>\n<ul class=\"ul1\">\n<li class=\"li2\"><span class=\"s4\"><\/span><span class=\"s1\">Emails de service : suite \u00e0 une commande vous recevrez un email afin de vous permettre de suivre votre commande comme la confirmation de commandes, l\u2019information sur la livraison de votre colis\u2026 Ces messages de service sont n\u00e9cessaires \u00e0 la bonne ex\u00e9cution des commandes et services que vous avez sollicit\u00e9s.<\/span><\/li>\n<li class=\"li5\"><span class=\"s4\"><\/span><span class=\"s1\">Newsletters :\u00a0suite \u00e0 la cr\u00e9ation de votre compte et si vous ne vous y \u00eates pas oppos\u00e9s, vous pourrez recevoir nos informations et nos offres par communication \u00e9lectronique (email, sms\u2026). Ces newsletters vous permettent de vous tenir inform\u00e9s de notre actualit\u00e9 et des avantages dont vous pouvez b\u00e9n\u00e9ficier.<\/span><\/li>\n<\/ul>\n<p><span class=\"s1\"><\/span><\/p>\n<p class=\"p1\"><span class=\"s1\"><b>Ce site est \u00e9dit\u00e9 par Editions Preventions<br \/><\/b><\/span><\/p>\n<p class=\"p2\"><span class=\"s1\"><b>Administration \u2013 Si\u00e8ge Social<\/b><br \/><\/span><span class=\"s2\">11 Rue des Arts et M\u00e9tiers \u2013 Immeuble Avantage \u2013 Lot. Dillon<br \/>97200<span>\u00a0<\/span><\/span><span class=\"s3\">Fort-de-<\/span><span class=\"s2\">France<br \/>Tel : 0596 42.13.43 \u2013 Fax : 09.70.62.09.35<\/span><\/p>\n<p class=\"p2\"><span class=\"s1\"><b>Bureaux Commerciaux \u2013 Commandes \u2013 Service Clients<\/b><br \/><\/span><span class=\"s2\">16 Rue Claude Chappe \u2013 Zac 2000<br \/>97420<span>\u00a0<\/span><\/span><span class=\"s3\">Le Port<\/span><span class=\"s2\"><br \/>Tel : 0262 55.15.05 \u2013 Fax : 09.70.62.09.35<\/span><\/p>\n[\/et_pb_text][\/et_pb_column][\/et_pb_row][\/et_pb_section]\n","protected":false},"excerpt":{"rendered":"<p>POLITIQUE DE PROTECTION DES DONNEES PERSONNELLES Les Editions Preventions se soucie de la protection des donn\u00e9es personnelles. Nous nous engageons \u00e0 assurer le meilleur niveau de protection \u00e0 vos donn\u00e9es personnelles en conformit\u00e9 avec les r\u00e9glementations europ\u00e9ennes et fran\u00e7aises qui lui sont applicables en mati\u00e8re de protection des donn\u00e9es personnelles.\u00a0 Pour toute information sur la [&hellip;]<\/p>\n","protected":false},"author":1,"featured_media":0,"parent":0,"menu_order":0,"comment_status":"closed","ping_status":"closed","template":"","meta":{"_et_pb_use_builder":"on","_et_pb_old_content":"","_et_gb_content_width":"","_monsterinsights_skip_tracking":false,"_monsterinsights_sitenote_active":false,"_monsterinsights_sitenote_note":"","_monsterinsights_sitenote_category":0,"footnotes":""},"class_list":["post-252","page","type-page","status-publish","hentry"],"aioseo_notices":[],"_links":{"self":[{"href":"https:\/\/editionsprevention.com\/eboutique\/wp-json\/wp\/v2\/pages\/252","targetHints":{"allow":["GET"]}}],"collection":[{"href":"https:\/\/editionsprevention.com\/eboutique\/wp-json\/wp\/v2\/pages"}],"about":[{"href":"https:\/\/editionsprevention.com\/eboutique\/wp-json\/wp\/v2\/types\/page"}],"author":[{"embeddable":true,"href":"https:\/\/editionsprevention.com\/eboutique\/wp-json\/wp\/v2\/users\/1"}],"replies":[{"embeddable":true,"href":"https:\/\/editionsprevention.com\/eboutique\/wp-json\/wp\/v2\/comments?post=252"}],"version-history":[{"count":6,"href":"https:\/\/editionsprevention.com\/eboutique\/wp-json\/wp\/v2\/pages\/252\/revisions"}],"predecessor-version":[{"id":726,"href":"https:\/\/editionsprevention.com\/eboutique\/wp-json\/wp\/v2\/pages\/252\/revisions\/726"}],"wp:attachment":[{"href":"https:\/\/editionsprevention.com\/eboutique\/wp-json\/wp\/v2\/media?parent=252"}],"curies":[{"name":"wp","href":"https:\/\/api.w.org\/{rel}","templated":true}]}}