{"id":158,"date":"2016-02-14T11:49:38","date_gmt":"2016-02-14T10:49:38","guid":{"rendered":"http:\/\/editionsprevention.com\/eboutique\/?post_type=product&#038;p=158"},"modified":"2020-08-03T23:00:12","modified_gmt":"2020-08-03T22:00:12","slug":"prevention-reunion-n2-janvier-2012-numerique","status":"publish","type":"product","link":"https:\/\/editionsprevention.com\/eboutique\/produit\/prevention-reunion-n2-janvier-2012-numerique\/","title":{"rendered":"Pr\u00e9vention R\u00e9union N\u00b02 &#8211; Janvier 2012 &#8211; Num\u00e9rique"},"content":{"rendered":"","protected":false},"excerpt":{"rendered":"<p class=\"p1\">Pr\u00e9vention R\u00e9union est un magazine semestriel publi\u00e9 \u00e0 La R\u00e9union. Vous y d\u00e9couvrirez de nombreux conseils pratiques sur la pr\u00e9vention des risques professionnels, sanitaires, naturels, etc. La particularit\u00e9 de ce magazine provient de sa r\u00e9daction compos\u00e9e d&rsquo;un Comit\u00e9 d&rsquo;Ethique regroupant les principaux acteurs locaux de Pr\u00e9vention et de Sant\u00e9.<\/p>\n","protected":false},"featured_media":147,"template":"","meta":{"_et_pb_use_builder":"","_et_pb_old_content":"","_et_gb_content_width":"","_monsterinsights_skip_tracking":false,"_monsterinsights_sitenote_active":false,"_monsterinsights_sitenote_note":"","_monsterinsights_sitenote_category":0},"product_brand":[],"product_cat":[17,37],"product_tag":[],"class_list":{"0":"post-158","1":"product","2":"type-product","3":"status-publish","4":"has-post-thumbnail","6":"product_cat-magazine-dom-numerique","7":"product_cat-reunion","8":"product_shipping_class-telechargement","10":"first","11":"instock","12":"downloadable","13":"taxable","14":"shipping-taxable","15":"purchasable","16":"product-type-simple"},"aioseo_notices":[],"_links":{"self":[{"href":"https:\/\/editionsprevention.com\/eboutique\/wp-json\/wp\/v2\/product\/158","targetHints":{"allow":["GET"]}}],"collection":[{"href":"https:\/\/editionsprevention.com\/eboutique\/wp-json\/wp\/v2\/product"}],"about":[{"href":"https:\/\/editionsprevention.com\/eboutique\/wp-json\/wp\/v2\/types\/product"}],"wp:featuredmedia":[{"embeddable":true,"href":"https:\/\/editionsprevention.com\/eboutique\/wp-json\/wp\/v2\/media\/147"}],"wp:attachment":[{"href":"https:\/\/editionsprevention.com\/eboutique\/wp-json\/wp\/v2\/media?parent=158"}],"wp:term":[{"taxonomy":"product_brand","embeddable":true,"href":"https:\/\/editionsprevention.com\/eboutique\/wp-json\/wp\/v2\/product_brand?post=158"},{"taxonomy":"product_cat","embeddable":true,"href":"https:\/\/editionsprevention.com\/eboutique\/wp-json\/wp\/v2\/product_cat?post=158"},{"taxonomy":"product_tag","embeddable":true,"href":"https:\/\/editionsprevention.com\/eboutique\/wp-json\/wp\/v2\/product_tag?post=158"}],"curies":[{"name":"wp","href":"https:\/\/api.w.org\/{rel}","templated":true}]}}