{"id":268,"date":"2016-02-15T10:01:00","date_gmt":"2016-02-15T09:01:00","guid":{"rendered":"http:\/\/editionsprevention.com\/eboutique\/?post_type=product&#038;p=268"},"modified":"2020-08-03T21:50:48","modified_gmt":"2020-08-03T20:50:48","slug":"prevention-securite-sante-a-lecole-de-a-a-z","status":"publish","type":"product","link":"https:\/\/editionsprevention.com\/eboutique\/produit\/prevention-securite-sante-a-lecole-de-a-a-z\/","title":{"rendered":"Pr\u00e9vention, S\u00e9curit\u00e9, Sant\u00e9 \u00e0 l&rsquo;\u00c9cole de A \u00e0 Z !"},"content":{"rendered":"","protected":false},"excerpt":{"rendered":"<p class=\"p1\">On ne compte plus, aujourd&rsquo;hui, les faits d\u00e9lictuels commis dans les \u00e9tablissements scolaires de France, entre \u00e9l\u00e8ves eux-m\u00eames ou envers les professeurs. Ces faits alimentent un climat d&rsquo;ins\u00e9curit\u00e9 ambiant et vont jusqu&rsquo;\u00e0 cr\u00e9er parfois un sentiment g\u00e9n\u00e9ral de peur susceptible d&rsquo;affecter s\u00e9rieusement les r\u00e9sultats scolaires d&rsquo;\u00e9l\u00e8ves fragilis\u00e9s. D&rsquo;o\u00f9 la n\u00e9cessit\u00e9 de pr\u00e9parer les enseignants, parents d&rsquo;\u00e9l\u00e8ves et personnels de la communaut\u00e9 \u00e9ducative et pr\u00e9venir toute situation de danger et \u00e0 r\u00e9agir de mani\u00e8re efficace en cas de violences ou d&rsquo;accident.<\/p>\n<p class=\"p1\">AUTEUR : Albert DAVID<\/p>\n<p class=\"p1\">DISTRIBUTEUR : \u00c9ditions Pr\u00e9vention <a href=\"mailto:contact@editionsprevention.com\">contact@editionsprevention.com<\/a><\/p>\n<p class=\"p1\">88 PAGES COULEUR ILLUSTR\u00c9ES<\/p>\n<p class=\"p1\">EAN 978-2952231114<\/p>\n","protected":false},"featured_media":91,"template":"","meta":{"_et_pb_use_builder":"","_et_pb_old_content":"","_et_gb_content_width":"","_monsterinsights_skip_tracking":false,"_monsterinsights_sitenote_active":false,"_monsterinsights_sitenote_note":"","_monsterinsights_sitenote_category":0},"product_brand":[],"product_cat":[10,43],"product_tag":[],"class_list":{"0":"post-268","1":"product","2":"type-product","3":"status-publish","4":"has-post-thumbnail","6":"product_cat-nos-livres","7":"product_cat-unique","8":"product_shipping_class-livraison-standard","10":"first","11":"outofstock","12":"taxable","13":"shipping-taxable","14":"purchasable","15":"product-type-simple"},"aioseo_notices":[],"_links":{"self":[{"href":"https:\/\/editionsprevention.com\/eboutique\/wp-json\/wp\/v2\/product\/268","targetHints":{"allow":["GET"]}}],"collection":[{"href":"https:\/\/editionsprevention.com\/eboutique\/wp-json\/wp\/v2\/product"}],"about":[{"href":"https:\/\/editionsprevention.com\/eboutique\/wp-json\/wp\/v2\/types\/product"}],"wp:featuredmedia":[{"embeddable":true,"href":"https:\/\/editionsprevention.com\/eboutique\/wp-json\/wp\/v2\/media\/91"}],"wp:attachment":[{"href":"https:\/\/editionsprevention.com\/eboutique\/wp-json\/wp\/v2\/media?parent=268"}],"wp:term":[{"taxonomy":"product_brand","embeddable":true,"href":"https:\/\/editionsprevention.com\/eboutique\/wp-json\/wp\/v2\/product_brand?post=268"},{"taxonomy":"product_cat","embeddable":true,"href":"https:\/\/editionsprevention.com\/eboutique\/wp-json\/wp\/v2\/product_cat?post=268"},{"taxonomy":"product_tag","embeddable":true,"href":"https:\/\/editionsprevention.com\/eboutique\/wp-json\/wp\/v2\/product_tag?post=268"}],"curies":[{"name":"wp","href":"https:\/\/api.w.org\/{rel}","templated":true}]}}