{"id":3249,"date":"2022-02-07T07:30:44","date_gmt":"2022-02-07T06:30:44","guid":{"rendered":"https:\/\/editionsprevention.com\/eboutique\/?post_type=product&#038;p=3249"},"modified":"2022-01-27T10:41:34","modified_gmt":"2022-01-27T09:41:34","slug":"prevention-guadeloupe-n16","status":"publish","type":"product","link":"https:\/\/editionsprevention.com\/eboutique\/produit\/prevention-guadeloupe-n16\/","title":{"rendered":"Pr\u00e9vention Guadeloupe  N\u00b016 &#8211; F\u00e9vrier 2022  &#8211; Num\u00e9rique"},"content":{"rendered":"<p>Vous y d\u00e9couvrirez de nombreux conseils pratiques sur la pr\u00e9vention des risques professionnels, sanitaires, naturels, etc. La particularit\u00e9 de ce magazine provient de sa r\u00e9daction compos\u00e9e d&rsquo;un Comit\u00e9 d&rsquo;Ethique regroupant les principaux acteurs locaux de Pr\u00e9vention et de Sant\u00e9.<\/p>\n","protected":false},"excerpt":{"rendered":"<p class=\"p1\"><span class=\"s1\">Pr\u00e9vention Guadeloupe est un magazine semestriel publi\u00e9 en Guadeloupe.\u00a0<\/span><\/p>\n","protected":false},"featured_media":3242,"template":"","meta":{"_et_pb_use_builder":"","_et_pb_old_content":"","_et_gb_content_width":"","_monsterinsights_skip_tracking":false,"_monsterinsights_sitenote_active":false,"_monsterinsights_sitenote_note":"","_monsterinsights_sitenote_category":0},"product_brand":[],"product_cat":[36,17],"product_tag":[],"class_list":{"0":"post-3249","1":"product","2":"type-product","3":"status-publish","4":"has-post-thumbnail","6":"product_cat-guadeloupe","7":"product_cat-magazine-dom-numerique","8":"product_shipping_class-telechargement","10":"first","11":"instock","12":"taxable","13":"shipping-taxable","14":"purchasable","15":"product-type-simple"},"aioseo_notices":[],"_links":{"self":[{"href":"https:\/\/editionsprevention.com\/eboutique\/wp-json\/wp\/v2\/product\/3249","targetHints":{"allow":["GET"]}}],"collection":[{"href":"https:\/\/editionsprevention.com\/eboutique\/wp-json\/wp\/v2\/product"}],"about":[{"href":"https:\/\/editionsprevention.com\/eboutique\/wp-json\/wp\/v2\/types\/product"}],"wp:featuredmedia":[{"embeddable":true,"href":"https:\/\/editionsprevention.com\/eboutique\/wp-json\/wp\/v2\/media\/3242"}],"wp:attachment":[{"href":"https:\/\/editionsprevention.com\/eboutique\/wp-json\/wp\/v2\/media?parent=3249"}],"wp:term":[{"taxonomy":"product_brand","embeddable":true,"href":"https:\/\/editionsprevention.com\/eboutique\/wp-json\/wp\/v2\/product_brand?post=3249"},{"taxonomy":"product_cat","embeddable":true,"href":"https:\/\/editionsprevention.com\/eboutique\/wp-json\/wp\/v2\/product_cat?post=3249"},{"taxonomy":"product_tag","embeddable":true,"href":"https:\/\/editionsprevention.com\/eboutique\/wp-json\/wp\/v2\/product_tag?post=3249"}],"curies":[{"name":"wp","href":"https:\/\/api.w.org\/{rel}","templated":true}]}}