{"id":415,"date":"2017-02-25T22:24:15","date_gmt":"2017-02-25T21:24:15","guid":{"rendered":"http:\/\/editionsprevention.com\/eboutique\/produit\/prevention-martinique-n8-fevrier-2017-numerique\/"},"modified":"2020-08-03T20:51:42","modified_gmt":"2020-08-03T19:51:42","slug":"prevention-martinique-n8-fevrier-2017-numerique","status":"publish","type":"product","link":"https:\/\/editionsprevention.com\/eboutique\/produit\/prevention-martinique-n8-fevrier-2017-numerique\/","title":{"rendered":"Prevention Martinique N\u00b08 &#8211; F\u00e9vrier 2017 &#8211; Num\u00e9rique"},"content":{"rendered":"<p>Vous y d\u00e9couvrirez de nombreux conseils pratiques sur la pr\u00e9vention des risques professionnels, sanitaires, naturels, etc. La particularit\u00e9 de ce magazine provient de sa r\u00e9daction compos\u00e9e d\u2019un Comit\u00e9 d\u2019Ethique regroupant les principaux acteurs locaux de Pr\u00e9vention et de Sant\u00e9.<\/p>\n","protected":false},"excerpt":{"rendered":"<p>Pr\u00e9vention Martinique est un magazine semestriel publi\u00e9 en Martinique.<\/p>\n","protected":false},"featured_media":399,"template":"","meta":{"_et_pb_use_builder":"","_et_pb_old_content":"","_et_gb_content_width":"","_monsterinsights_skip_tracking":false,"_monsterinsights_sitenote_active":false,"_monsterinsights_sitenote_note":"","_monsterinsights_sitenote_category":0},"product_brand":[],"product_cat":[17,38],"product_tag":[],"class_list":{"0":"post-415","1":"product","2":"type-product","3":"status-publish","4":"has-post-thumbnail","6":"product_cat-magazine-dom-numerique","7":"product_cat-martinique","8":"product_shipping_class-telechargement","10":"first","11":"instock","12":"featured","13":"downloadable","14":"taxable","15":"shipping-taxable","16":"purchasable","17":"product-type-simple"},"aioseo_notices":[],"_links":{"self":[{"href":"https:\/\/editionsprevention.com\/eboutique\/wp-json\/wp\/v2\/product\/415","targetHints":{"allow":["GET"]}}],"collection":[{"href":"https:\/\/editionsprevention.com\/eboutique\/wp-json\/wp\/v2\/product"}],"about":[{"href":"https:\/\/editionsprevention.com\/eboutique\/wp-json\/wp\/v2\/types\/product"}],"wp:featuredmedia":[{"embeddable":true,"href":"https:\/\/editionsprevention.com\/eboutique\/wp-json\/wp\/v2\/media\/399"}],"wp:attachment":[{"href":"https:\/\/editionsprevention.com\/eboutique\/wp-json\/wp\/v2\/media?parent=415"}],"wp:term":[{"taxonomy":"product_brand","embeddable":true,"href":"https:\/\/editionsprevention.com\/eboutique\/wp-json\/wp\/v2\/product_brand?post=415"},{"taxonomy":"product_cat","embeddable":true,"href":"https:\/\/editionsprevention.com\/eboutique\/wp-json\/wp\/v2\/product_cat?post=415"},{"taxonomy":"product_tag","embeddable":true,"href":"https:\/\/editionsprevention.com\/eboutique\/wp-json\/wp\/v2\/product_tag?post=415"}],"curies":[{"name":"wp","href":"https:\/\/api.w.org\/{rel}","templated":true}]}}