{"id":6026,"date":"2025-01-05T13:19:48","date_gmt":"2025-01-05T12:19:48","guid":{"rendered":"https:\/\/editionsprevention.com\/eboutique\/?post_type=product&#038;p=6026"},"modified":"2025-01-18T19:24:00","modified_gmt":"2025-01-18T18:24:00","slug":"alerte-hst","status":"publish","type":"product","link":"https:\/\/editionsprevention.com\/eboutique\/produit\/alerte-hst\/","title":{"rendered":"Abonnement Alerte HST-HSE 12 mois &#8211; Email"},"content":{"rendered":"<p class=\"p1\"><span class=\"s1\"><strong>Mises \u00e0 jour Manuel de R\u00e9f\u00e9rence \u2013 Veille r\u00e8glementaire 24h\/24<br \/>\n<\/strong><\/span><\/p>\n<p class=\"p1\">Abonnez-vous \u00e0 l\u2019ALERTE HST-HSE et recevez un email du Manuel de R\u00e9f\u00e9rence avec les Mises \u00e0 jour r\u00e8glementaires, les derni\u00e8res Lois, les D\u00e9crets, Arr\u00eat\u00e9s, Circulaires\u2026<br \/>\nVous avez acc\u00e8s \u00e0 l\u2019Actu HST-HSE en permanence en vous connectant sur le site 24h\/24.<br \/>\nT\u00e9l\u00e9chargement et activation imm\u00e9diats.<\/p>\n","protected":false},"excerpt":{"rendered":"<p><span class=\"s1\"><strong>Mises \u00e0 jour Manuel de R\u00e9f\u00e9rence \u2013 Veille r\u00e8glementaire 24h\/24<br \/>\n<\/strong><\/span>Acc\u00e8s 12 mois<\/p>\n","protected":false},"featured_media":749,"template":"","meta":{"_et_pb_use_builder":"","_et_pb_old_content":"","_et_gb_content_width":"","_monsterinsights_skip_tracking":false,"_monsterinsights_sitenote_active":false,"_monsterinsights_sitenote_note":"","_monsterinsights_sitenote_category":0},"product_brand":[],"product_cat":[8],"product_tag":[],"class_list":{"0":"post-6026","1":"product","2":"type-product","3":"status-publish","4":"has-post-thumbnail","6":"product_cat-alerte-hst","8":"first","9":"instock","10":"virtual","11":"taxable","12":"purchasable","13":"product-type-simple"},"aioseo_notices":[],"_links":{"self":[{"href":"https:\/\/editionsprevention.com\/eboutique\/wp-json\/wp\/v2\/product\/6026","targetHints":{"allow":["GET"]}}],"collection":[{"href":"https:\/\/editionsprevention.com\/eboutique\/wp-json\/wp\/v2\/product"}],"about":[{"href":"https:\/\/editionsprevention.com\/eboutique\/wp-json\/wp\/v2\/types\/product"}],"wp:featuredmedia":[{"embeddable":true,"href":"https:\/\/editionsprevention.com\/eboutique\/wp-json\/wp\/v2\/media\/749"}],"wp:attachment":[{"href":"https:\/\/editionsprevention.com\/eboutique\/wp-json\/wp\/v2\/media?parent=6026"}],"wp:term":[{"taxonomy":"product_brand","embeddable":true,"href":"https:\/\/editionsprevention.com\/eboutique\/wp-json\/wp\/v2\/product_brand?post=6026"},{"taxonomy":"product_cat","embeddable":true,"href":"https:\/\/editionsprevention.com\/eboutique\/wp-json\/wp\/v2\/product_cat?post=6026"},{"taxonomy":"product_tag","embeddable":true,"href":"https:\/\/editionsprevention.com\/eboutique\/wp-json\/wp\/v2\/product_tag?post=6026"}],"curies":[{"name":"wp","href":"https:\/\/api.w.org\/{rel}","templated":true}]}}