{"id":92,"date":"2020-07-04T09:53:17","date_gmt":"2020-07-04T08:53:17","guid":{"rendered":"http:\/\/editionsprevention.com\/eboutique\/?post_type=product&#038;p=92"},"modified":"2026-04-12T04:45:25","modified_gmt":"2026-04-12T03:45:25","slug":"le-manuel-de-reference-prevention-securite-sante-au-travail-de-a-a-z","status":"publish","type":"product","link":"https:\/\/editionsprevention.com\/eboutique\/produit\/le-manuel-de-reference-prevention-securite-sante-au-travail-de-a-a-z\/","title":{"rendered":"Pr\u00e9vention, S\u00e9curit\u00e9, Sant\u00e9 au Travail de A \u00e0 Z ! Le Manuel de R\u00e9f\u00e9rence &#8211; Nouvelle \u00c9dition, 768 pages couleur illustr\u00e9es &#8211; MEGA PROMO CETTE SEMAINE !"},"content":{"rendered":"<p>[et_pb_section fb_built=\u00a0\u00bb1&Prime; _builder_version=\u00a0\u00bb4.16&Prime; custom_padding=\u00a0\u00bb0px||||false|false\u00a0\u00bb global_colors_info=\u00a0\u00bb{}\u00a0\u00bb][et_pb_row _builder_version=\u00a0\u00bb4.16&Prime; background_size=\u00a0\u00bbinitial\u00a0\u00bb background_position=\u00a0\u00bbtop_left\u00a0\u00bb background_repeat=\u00a0\u00bbrepeat\u00a0\u00bb width=\u00a0\u00bb100%\u00a0\u00bb custom_padding=\u00a0\u00bb0px||0px||false|false\u00a0\u00bb global_colors_info=\u00a0\u00bb{}\u00a0\u00bb][et_pb_column type=\u00a0\u00bb4_4&Prime; _builder_version=\u00a0\u00bb4.16&Prime; custom_padding=\u00a0\u00bb|||\u00a0\u00bb global_colors_info=\u00a0\u00bb{}\u00a0\u00bb custom_padding__hover=\u00a0\u00bb|||\u00a0\u00bb][et_pb_wc_breadcrumb _builder_version=\u00a0\u00bb4.16&Prime; global_colors_info=\u00a0\u00bb{}\u00a0\u00bb][\/et_pb_wc_breadcrumb][et_pb_wc_cart_notice _builder_version=\u00a0\u00bb4.16&Prime; global_colors_info=\u00a0\u00bb{}\u00a0\u00bb][\/et_pb_wc_cart_notice][\/et_pb_column][\/et_pb_row][et_pb_row column_structure=\u00a0\u00bb1_2,1_2&Prime; _builder_version=\u00a0\u00bb4.16&Prime; background_size=\u00a0\u00bbinitial\u00a0\u00bb background_position=\u00a0\u00bbtop_left\u00a0\u00bb background_repeat=\u00a0\u00bbrepeat\u00a0\u00bb width=\u00a0\u00bb100%\u00a0\u00bb custom_padding=\u00a0\u00bb0px||||false|false\u00a0\u00bb global_colors_info=\u00a0\u00bb{}\u00a0\u00bb][et_pb_column type=\u00a0\u00bb1_2&Prime; _builder_version=\u00a0\u00bb4.16&Prime; custom_padding=\u00a0\u00bb|||\u00a0\u00bb global_colors_info=\u00a0\u00bb{}\u00a0\u00bb custom_padding__hover=\u00a0\u00bb|||\u00a0\u00bb][et_pb_wc_images _builder_version=\u00a0\u00bb4.16&Prime; global_colors_info=\u00a0\u00bb{}\u00a0\u00bb][\/et_pb_wc_images][\/et_pb_column][et_pb_column type=\u00a0\u00bb1_2&Prime; _builder_version=\u00a0\u00bb4.16&Prime; custom_padding=\u00a0\u00bb|||\u00a0\u00bb global_colors_info=\u00a0\u00bb{}\u00a0\u00bb custom_padding__hover=\u00a0\u00bb|||\u00a0\u00bb][et_pb_wc_title _builder_version=\u00a0\u00bb4.16&Prime; global_colors_info=\u00a0\u00bb{}\u00a0\u00bb][\/et_pb_wc_title][et_pb_wc_rating _builder_version=\u00a0\u00bb4.16&Prime; global_colors_info=\u00a0\u00bb{}\u00a0\u00bb][\/et_pb_wc_rating][et_pb_wc_price _builder_version=\u00a0\u00bb4.16&Prime; global_colors_info=\u00a0\u00bb{}\u00a0\u00bb][\/et_pb_wc_price][et_pb_wc_add_to_cart _builder_version=\u00a0\u00bb4.16&Prime; global_colors_info=\u00a0\u00bb{}\u00a0\u00bb][\/et_pb_wc_add_to_cart][et_pb_wc_description _builder_version=\u00a0\u00bb4.16&Prime; global_colors_info=\u00a0\u00bb{}\u00a0\u00bb][\/et_pb_wc_description][\/et_pb_column][\/et_pb_row][\/et_pb_section][et_pb_section fb_built=\u00a0\u00bb1&Prime; _builder_version=\u00a0\u00bb4.11.1&Prime; _module_preset=\u00a0\u00bbdefault\u00a0\u00bb background_color=\u00a0\u00bb#353535&Prime; width=\u00a0\u00bb100%\u00a0\u00bb global_module=\u00a0\u00bb3268&Prime; saved_tabs=\u00a0\u00bball\u00a0\u00bb global_colors_info=\u00a0\u00bb{}\u00a0\u00bb][et_pb_row _builder_version=\u00a0\u00bb4.16&Prime; _module_preset=\u00a0\u00bbdefault\u00a0\u00bb global_colors_info=\u00a0\u00bb{}\u00a0\u00bb][et_pb_column type=\u00a0\u00bb4_4&Prime; _builder_version=\u00a0\u00bb4.16&Prime; _module_preset=\u00a0\u00bbdefault\u00a0\u00bb global_colors_info=\u00a0\u00bb{}\u00a0\u00bb][et_pb_text _builder_version=\u00a0\u00bb4.16&Prime; _module_preset=\u00a0\u00bbdefault\u00a0\u00bb global_colors_info=\u00a0\u00bb{}\u00a0\u00bb]<\/p>\n<h2 style=\"text-align: center\"><span style=\"color: #ffffff\">D\u00c9COUVREZ UN EXTRAIT DU NOUVEAU MANUEL DE R\u00c9F\u00c9RENCE <br \/>(768 PAGES)<br \/><\/span><\/h2>\n<p>[\/et_pb_text][et_pb_video src=\u00a0\u00bbhttps:\/\/editionsprevention.com\/eboutique\/wp-content\/uploads\/2020\/07\/Le-Manuel-de-reference-Video-LD.mov\u00a0\u00bb image_src=\u00a0\u00bbhttps:\/\/editionsprevention.com\/eboutique\/wp-content\/uploads\/2020\/07\/Le-Manuel-de-Reference.png\u00a0\u00bb play_icon_color=\u00a0\u00bb#E02B20&Prime; _builder_version=\u00a0\u00bb4.16&Prime; _module_preset=\u00a0\u00bbdefault\u00a0\u00bb width=\u00a0\u00bb69%\u00a0\u00bb module_alignment=\u00a0\u00bbcenter\u00a0\u00bb global_colors_info=\u00a0\u00bb{}\u00a0\u00bb][\/et_pb_video][\/et_pb_column][\/et_pb_row][\/et_pb_section][et_pb_section fb_built=\u00a0\u00bb1&Prime; _builder_version=\u00a0\u00bb4.16&Prime; _module_preset=\u00a0\u00bbdefault\u00a0\u00bb global_colors_info=\u00a0\u00bb{}\u00a0\u00bb][et_pb_row _builder_version=\u00a0\u00bb4.16&Prime; background_size=\u00a0\u00bbinitial\u00a0\u00bb background_position=\u00a0\u00bbtop_left\u00a0\u00bb background_repeat=\u00a0\u00bbrepeat\u00a0\u00bb width=\u00a0\u00bb100%\u00a0\u00bb global_colors_info=\u00a0\u00bb{}\u00a0\u00bb][et_pb_column type=\u00a0\u00bb4_4&Prime; _builder_version=\u00a0\u00bb4.16&Prime; custom_padding=\u00a0\u00bb|||\u00a0\u00bb global_colors_info=\u00a0\u00bb{}\u00a0\u00bb custom_padding__hover=\u00a0\u00bb|||\u00a0\u00bb][et_pb_wc_tabs _builder_version=\u00a0\u00bb4.16&Prime; global_colors_info=\u00a0\u00bb{}\u00a0\u00bb] [\/et_pb_wc_tabs][\/et_pb_column][\/et_pb_row][et_pb_row _builder_version=\u00a0\u00bb4.16&Prime; _module_preset=\u00a0\u00bbdefault\u00a0\u00bb global_colors_info=\u00a0\u00bb{}\u00a0\u00bb][et_pb_column type=\u00a0\u00bb4_4&Prime; _builder_version=\u00a0\u00bb4.16&Prime; _module_preset=\u00a0\u00bbdefault\u00a0\u00bb global_colors_info=\u00a0\u00bb{}\u00a0\u00bb][et_pb_text _builder_version=\u00a0\u00bb4.16&Prime; _module_preset=\u00a0\u00bbdefault\u00a0\u00bb global_colors_info=\u00a0\u00bb{}\u00a0\u00bb]<\/p>\n<h2><strong>Abonnements Mises \u00e0 jour \u2013 Veille r\u00e8glementaire du Manuel de R\u00e9f\u00e9rence<\/strong><\/h2>\n<p>[\/et_pb_text][\/et_pb_column][\/et_pb_row][et_pb_row _builder_version=\u00a0\u00bb4.16&Prime; _module_preset=\u00a0\u00bbdefault\u00a0\u00bb width=\u00a0\u00bb100%\u00a0\u00bb custom_padding=\u00a0\u00bb0px||0px|||\u00a0\u00bb global_colors_info=\u00a0\u00bb{}\u00a0\u00bb][et_pb_column type=\u00a0\u00bb4_4&Prime; _builder_version=\u00a0\u00bb4.16&Prime; _module_preset=\u00a0\u00bbdefault\u00a0\u00bb global_colors_info=\u00a0\u00bb{}\u00a0\u00bb][et_pb_shop type=\u00a0\u00bbproduct_category\u00a0\u00bb posts_number=\u00a0\u00bb4&Prime; include_categories=\u00a0\u00bb8&Prime; _builder_version=\u00a0\u00bb4.16&Prime; _module_preset=\u00a0\u00bbdefault\u00a0\u00bb custom_margin=\u00a0\u00bb||-41px|||\u00a0\u00bb custom_padding=\u00a0\u00bb||0px|||\u00a0\u00bb global_colors_info=\u00a0\u00bb{}\u00a0\u00bb][\/et_pb_shop][et_pb_divider color=\u00a0\u00bb#000000&Prime; _builder_version=\u00a0\u00bb4.16&Prime; _module_preset=\u00a0\u00bbdefault\u00a0\u00bb global_colors_info=\u00a0\u00bb{}\u00a0\u00bb][\/et_pb_divider][\/et_pb_column][\/et_pb_row][et_pb_row _builder_version=\u00a0\u00bb4.16&Prime; _module_preset=\u00a0\u00bbdefault\u00a0\u00bb width=\u00a0\u00bb100%\u00a0\u00bb custom_padding=\u00a0\u00bb0px||0px|||\u00a0\u00bb global_colors_info=\u00a0\u00bb{}\u00a0\u00bb][et_pb_column type=\u00a0\u00bb4_4&Prime; _builder_version=\u00a0\u00bb4.16&Prime; _module_preset=\u00a0\u00bbdefault\u00a0\u00bb global_colors_info=\u00a0\u00bb{}\u00a0\u00bb][et_pb_shop type=\u00a0\u00bbproduct_category\u00a0\u00bb posts_number=\u00a0\u00bb6&Prime; include_categories=\u00a0\u00bb42&Prime; columns_number=\u00a0\u00bb5&Prime; orderby=\u00a0\u00bbprice\u00a0\u00bb _builder_version=\u00a0\u00bb4.16&Prime; _module_preset=\u00a0\u00bbdefault\u00a0\u00bb global_colors_info=\u00a0\u00bb{}\u00a0\u00bb][\/et_pb_shop][\/et_pb_column][\/et_pb_row][\/et_pb_section]<\/p>\n","protected":false},"excerpt":{"rendered":"<p><span style=\"color: #00a4fc;\">Nouvelle \u00c9dition &#8211; En Stock, Neuf &#8211; <strong>LIVRAISONS FRANCE 24H-48H<\/strong><br \/>\nToutes destinations nationales \/ internationales<\/span><\/p>\n<h3><span style=\"color: #00a4fc;\"><strong>CAMPAGNE NATIONALE &lsquo;PREVENTION SANTE AU TRAVAIL POUR TOUS&rsquo; !<\/strong><\/span><\/h3>\n<h3><span style=\"color: #eb0000;\"><strong>REMISES IMMEDIATES -30% A -50% !!<br \/>\n<\/strong><\/span><strong><span style=\"color: #00a4fc;\"><span style=\"color: #eb0000;\">Voir au bas de la page<\/span>\u00a0<\/span><\/strong><\/h3>\n<p>Profitez d\u00e8s maintenant de notre <strong>Offre Exceptionnelle Limit\u00e9e<\/strong> pour distribuer Le Manuel de R\u00e9f\u00e9rence \u00e0 vos collaborateurs ! Que ce soit pour vos nouvelles recrues, vos salari\u00e9s en formation ou vos \u00e9quipes manag\u00e9riales, cet ouvrage complet va vous accompagner au quotidien dans votre d\u00e9marche de pr\u00e9vention de A \u00e0 Z ! Un guide incontournable pour prot\u00e9ger votre entreprise et ceux qui la font vivre. Commandez vite avant la fin de l\u2019offre !<\/p>\n<p><a href=\"https:\/\/editionsprevention.com\/le-manuel-de-reference\"><span style=\"color: #ff9900;\"><span style=\"color: #00a4fc;\"><span style=\"color: #808080;\"><span style=\"color: #00a4fc;\">Les experts, dirigeants, pr\u00e9venteurs&#8230;, offrent une ovation au Manuel de R\u00e9f\u00e9rence ! CLIQUEZ ICI et d\u00e9couvrez ce qu&rsquo;ils en disent !<\/span><\/span>\u00a0<\/span><\/span><\/a><\/p>\n<blockquote><p><span style=\"color: #808080;\">Peut-on faire de la Pr\u00e9vention sans <strong>LA BIBLE DE LA PREVENTION<\/strong> ? <\/span><br \/>\n<span style=\"color: #808080;\">Ce sont eux qui l&rsquo;affirment&#8230;<\/span><\/p>\n<p>&nbsp;<\/p>\n<p><span style=\"color: #edd91f;\">\u25cf<\/span>\u00a0Une v\u00e9ritable <strong>BIBLE<\/strong> de la Pr\u00e9vention des risques au travail !<br \/>\n<span style=\"color: #808080;\">Inforisque<\/span><span style=\"color: #666666;\"><br \/>\n<span style=\"color: #808080;\"><span style=\"color: #edd91f;\">\u25cf<\/span> <\/span><\/span>Une vraie <strong>BIBLE<\/strong> de la Pr\u00e9vention ! Le minimum vital pour un formateur !<br \/>\n<span style=\"color: #666666;\"><span style=\"color: #808080;\">Thierry QUESNEL, Dirigeant, Formateur<\/span><\/span><br \/>\n<span style=\"color: #808080;\"><span style=\"color: #edd91f;\">\u25cf<\/span> <\/span>La <strong>BIBLE<\/strong> du HSE !<br \/>\n<span style=\"color: #808080;\">St\u00e9phanie PAUCHET, Consultante HSE, Auditrice Mase<\/span><span style=\"color: #808080;\"><br \/>\n<\/span><span style=\"color: #808080;\"><span style=\"color: #edd91f;\">\u25cf<\/span> <\/span>Une <strong>BIBLE<\/strong> tout simplement !<br \/>\n<span style=\"color: #808080;\">Florence DUCOM, Responsable Gestion des Risques Professionnels<\/span><\/p><\/blockquote>\n","protected":false},"featured_media":684,"template":"","meta":{"_et_pb_use_builder":"on","_et_pb_old_content":"<span class=\"s2\">Auteur : Albert DAVID\r\n<\/span><span class=\"s2\">Distributeur : \u00c9ditions Pr\u00e9vention\r\n<\/span><span class=\"s2\"><strong>768 Pages couleur illustr\u00e9es<\/strong>\r\nPr\u00e9face : Jean AUROUX, ancien Ministre du Travail\r\n<\/span><span class=\"s2\">Format\u00a0: 16,5 x 3.4 x 23,5\r\nPoids du livre\u00a0: 1.6 kg\r\n<\/span><span class=\"s2\">ISBN-13\u00a0: 978-2953922417\r\nEAN : 9782953922417<\/span>\r\n<p class=\"p1\"><span class=\"s1\"><strong>Description\r\n<\/strong><\/span><span class=\"s1\">La l\u00e9gislation sur la s\u00e9curit\u00e9 au travail vous semble trop dense, complexe, ind\u00e9chiffrable\u2026 ? Rassurez-vous, le Manuel de R\u00e9f\u00e9rence a pens\u00e9 \u00e0 vous ! Tout ce que vous devez savoir pour \u00e9valuer et maitriser les risques professionnels figure dans ce <strong>guide absolument unique sans aucun \u00e9quivalent aujourd\u2019hui (768 pages) !<\/strong> Tout est pass\u00e9 en revue de mani\u00e8re claire et pr\u00e9cise afin de faciliter votre recherche et votre compr\u00e9hension de la loi, <\/span><span class=\"s2\">enti\u00e8rement rassembl\u00e9e et d\u00e9crypt\u00e9e,<\/span><span class=\"s1\"> et de vous permettre d\u2019\u00e9tablir une strat\u00e9gie de pr\u00e9vention et de sant\u00e9 au travail efficace. Avec, en prime, les \u00ab\u00a0actions essentielles de s\u00e9curit\u00e9\u00a0\u00bb \u00e0 mener pour chaque cat\u00e9gorie de risque et les r\u00e9flexes en situation d\u2019urgence. Le tout de A \u00e0 Z !<\/span><\/p>\r\n\r\n<div class=\"et_pb_text_inner\"><strong>\r\nL'auteur\r\n<\/strong>Journaliste en radio et presse \u00e9crite, \u00e9crivain depuis une trentaine d\u2019ann\u00e9es, Albert DAVID est sp\u00e9cialis\u00e9 dans les questions de pr\u00e9vention et de sant\u00e9 au travail. R\u00e9dacteur, chroniqueur dans plusieurs publications en France m\u00e9tropolitaine, r\u00e9dacteur-en-chef de magazines de pr\u00e9vention dans les D\u00e9partements d\u2019Outremer (Ile de la R\u00e9union, Martinique, Guadeloupe, Guyane), il est \u00e9galement l\u2019auteur de : <i>\u00ab Pr\u00e9vention, S\u00e9curit\u00e9, Sant\u00e9 au Travail : Le Guide d\u2019Urgence (2004) ; \u00ab Pr\u00e9vention, S\u00e9curit\u00e9, Sant\u00e9 \u00e0 l\u2019Ecole de A \u00e0 Z (2006) \u00bb ; \u00ab Le Manuel de R\u00e9f\u00e9rence \u2013 Pr\u00e9vention, S\u00e9curit\u00e9, Sant\u00e9 au Travail de A \u00e0 Z ! \u00bb (2011). Le nouveau \u00ab\u00a0Manuel de R\u00e9f\u00e9rence\u00a0\u00bb a \u00e9t\u00e9 r\u00e9alis\u00e9 avec la collaboration d\u2019un comit\u00e9 de lecture de plus de 40 institutions nationales et r\u00e9gionales compos\u00e9 d\u2019experts et pr\u00e9venteurs dans chaque domaine abord\u00e9 dans l\u2019ouvrage.\r\n<\/i><i>Contact auteur\u00a0:\u00a0<a href=\"mailto:albertdavid@editionsprevention.com\">albertdavid@editionsprevention.com<\/a><\/i><\/div>","_et_gb_content_width":"","_monsterinsights_skip_tracking":false,"_monsterinsights_sitenote_active":false,"_monsterinsights_sitenote_note":"","_monsterinsights_sitenote_category":0},"product_brand":[],"product_cat":[10,43],"product_tag":[],"class_list":{"0":"post-92","1":"product","2":"type-product","3":"status-publish","4":"has-post-thumbnail","6":"product_cat-nos-livres","7":"product_cat-unique","8":"product_shipping_class-livraison-standard","10":"first","11":"instock","12":"sale","13":"featured","14":"taxable","15":"shipping-taxable","16":"purchasable","17":"product-type-simple"},"aioseo_notices":[],"_links":{"self":[{"href":"https:\/\/editionsprevention.com\/eboutique\/wp-json\/wp\/v2\/product\/92","targetHints":{"allow":["GET"]}}],"collection":[{"href":"https:\/\/editionsprevention.com\/eboutique\/wp-json\/wp\/v2\/product"}],"about":[{"href":"https:\/\/editionsprevention.com\/eboutique\/wp-json\/wp\/v2\/types\/product"}],"wp:featuredmedia":[{"embeddable":true,"href":"https:\/\/editionsprevention.com\/eboutique\/wp-json\/wp\/v2\/media\/684"}],"wp:attachment":[{"href":"https:\/\/editionsprevention.com\/eboutique\/wp-json\/wp\/v2\/media?parent=92"}],"wp:term":[{"taxonomy":"product_brand","embeddable":true,"href":"https:\/\/editionsprevention.com\/eboutique\/wp-json\/wp\/v2\/product_brand?post=92"},{"taxonomy":"product_cat","embeddable":true,"href":"https:\/\/editionsprevention.com\/eboutique\/wp-json\/wp\/v2\/product_cat?post=92"},{"taxonomy":"product_tag","embeddable":true,"href":"https:\/\/editionsprevention.com\/eboutique\/wp-json\/wp\/v2\/product_tag?post=92"}],"curies":[{"name":"wp","href":"https:\/\/api.w.org\/{rel}","templated":true}]}}